{"id":224,"date":"2023-07-12T20:48:53","date_gmt":"2023-07-12T18:48:53","guid":{"rendered":"https:\/\/biblioteka.misjonarze.pl\/?page_id=224"},"modified":"2023-07-15T12:04:57","modified_gmt":"2023-07-15T10:04:57","slug":"regulamin","status":"publish","type":"page","link":"https:\/\/biblioteka.misjonarze.pl\/?page_id=224","title":{"rendered":"Regulamin"},"content":{"rendered":"\t\t<div data-elementor-type=\"wp-page\" data-elementor-id=\"224\" class=\"elementor elementor-224\">\n\t\t\t\t\t\t<section class=\"elementor-section elementor-top-section elementor-element elementor-element-7d62151e elementor-section-boxed elementor-section-height-default elementor-section-height-default\" data-id=\"7d62151e\" data-element_type=\"section\" data-e-type=\"section\" data-settings=\"{&quot;background_background&quot;:&quot;classic&quot;}\">\n\t\t\t\t\t\t\t<div class=\"elementor-background-overlay\"><\/div>\n\t\t\t\t\t\t\t<div class=\"elementor-container elementor-column-gap-default\">\n\t\t\t\t\t<div class=\"elementor-column elementor-col-100 elementor-top-column elementor-element elementor-element-34f89947\" data-id=\"34f89947\" data-element_type=\"column\" data-e-type=\"column\">\n\t\t\t<div class=\"elementor-widget-wrap elementor-element-populated\">\n\t\t\t\t\t\t<div class=\"elementor-element elementor-element-3516714f elementor-widget__width-initial elementor-widget elementor-widget-heading\" data-id=\"3516714f\" data-element_type=\"widget\" data-e-type=\"widget\" data-widget_type=\"heading.default\">\n\t\t\t\t<div class=\"elementor-widget-container\">\n\t\t\t\t\t<h2 class=\"elementor-heading-title elementor-size-default\">Biblioteka<\/h2>\t\t\t\t<\/div>\n\t\t\t\t<\/div>\n\t\t\t\t<div class=\"elementor-element elementor-element-2df5e2fd elementor-widget elementor-widget-heading\" data-id=\"2df5e2fd\" data-element_type=\"widget\" data-e-type=\"widget\" data-widget_type=\"heading.default\">\n\t\t\t\t<div class=\"elementor-widget-container\">\n\t\t\t\t\t<h1 class=\"elementor-heading-title elementor-size-default\">Regulamin<\/h1>\t\t\t\t<\/div>\n\t\t\t\t<\/div>\n\t\t\t\t\t<\/div>\n\t\t<\/div>\n\t\t\t\t\t<\/div>\n\t\t<\/section>\n\t\t\t\t<section class=\"elementor-section elementor-top-section elementor-element elementor-element-b8e084f elementor-section-boxed elementor-section-height-default elementor-section-height-default\" data-id=\"b8e084f\" data-element_type=\"section\" data-e-type=\"section\">\n\t\t\t\t\t\t<div class=\"elementor-container elementor-column-gap-default\">\n\t\t\t\t\t<div class=\"elementor-column elementor-col-100 elementor-top-column elementor-element elementor-element-6c0730f\" data-id=\"6c0730f\" data-element_type=\"column\" data-e-type=\"column\">\n\t\t\t<div class=\"elementor-widget-wrap elementor-element-populated\">\n\t\t\t\t\t\t<div class=\"elementor-element elementor-element-fca0679 elementor-widget elementor-widget-text-editor\" data-id=\"fca0679\" data-element_type=\"widget\" data-e-type=\"widget\" data-widget_type=\"text-editor.default\">\n\t\t\t\t<div class=\"elementor-widget-container\">\n\t\t\t\t\t\t\t\t\t<p class=\"p1\"><strong>1.<\/strong>\u00a0<b>Biblioteka Zgromadzenia Ksi\u0119\u017cy Misjonarzy w Krakowie<\/b>\u00a0gromadzi zbiory przede wszystkim z zakresu teologii, filozofii, historii Ko\u015bcio\u0142a, prawa kanonicznego. Biblioteka s\u0142u\u017cy g\u0142\u00f3wnie profesorom i studentom Instytutu Teologicznego Ksi\u0119\u017cy Misjonarzy oraz Rodzinie Wincenty\u0144skiej, ale jest dost\u0119pna r\u00f3wnie\u017c dla innych czytelnik\u00f3w.<\/p><p class=\"p1\"><strong>2.<\/strong>\u00a0<b>Zbiory biblioteczne udost\u0119pniane s\u0105 na miejscu wszystkim zainteresowanym.<\/b><\/p><p>Dodatkowo prawo do wypo\u017cycze\u0144 maj\u0105:\u00a0<\/p><ul><li>Cz\u0142onkowie Rodziny Wincenty\u0144skiej,<\/li><li>Profesorowie i studenci ITKM,<\/li><li>Wyk\u0142adowcy i studenci innych uczelni krakowskich,<\/li><li>Pracownicy instytucji naukowych, kulturalnych i ko\u015bcielnych prowadz\u0105cy badania naukowe i przygotowuj\u0105cy publikacje.<\/li><\/ul><p class=\"p1\"><strong>3.<\/strong>\u00a0<b>Szczeg\u00f3\u0142owe zasady udost\u0119pniania.<\/b><\/p><p>a. Zbiory wypo\u017cyczane s\u0105:<\/p><ul><li>misjonarzom mieszka\u0144com domu stradomskiego w liczbie 15 ksi\u0105\u017cek na okres 3 miesi\u0119cy,<\/li><li>cz\u0142onkom Rodziny Wincenty\u0144skiej \u2013 10 ksi\u0105\u017cek na 2 miesi\u0105ce,<\/li><li>wyk\u0142adowcom ITKM \u2013 15 ksi\u0105\u017cek na 3 miesi\u0105ce,<\/li><li>wyk\u0142adowcom innych uczelni \u2013 10 ksi\u0105\u017cek na 2 miesi\u0105ce,<\/li><li>studentom misjonarzom \u2013 10 ksi\u0105\u017cek na 2 miesi\u0105ce,<\/li><li>studentom ITKM -10 ksi\u0105\u017cek na 1 miesi\u0105c,<\/li><li>studentom innych uczelni \u2013 5 ksi\u0105\u017cek na 1 miesi\u0105c.<\/li><\/ul><p>b. Pozosta\u0142ym czytelnikom zbiory Biblioteki udost\u0119pniane s\u0105 wy\u0142\u0105cznie w czytelni.<br \/>c. Terminy wypo\u017cycze\u0144 mog\u0105 zosta\u0107 przed\u0142u\u017cone pod warunkiem, \u017ce na ksi\u0105\u017ck\u0119 nie oczekuje inny czytelnik. Samodzielna prolongata mo\u017cliwa jest w okresie ustalonego terminu wypo\u017cyczenia. Termin zwrotu ksi\u0105\u017cek przetrzymanych ponad czas okre\u015blony regulaminem mo\u017ce zosta\u0107 przed\u0142u\u017cony wy\u0142\u0105cznie przez pracownika Biblioteki.<br \/>d. W uzasadnionych przypadkach Biblioteka ma prawo za\u017c\u0105da\u0107 zwrotu materia\u0142\u00f3w przed up\u0142ywem terminu.<br \/>e. Poza Bibliotek\u0119 nie s\u0105 wypo\u017cyczane stare druki, wydawnictwa do 1945 r., czasopisma oraz ksi\u0119gozbi\u00f3r podr\u0119czny czytelni.<br \/>f. Czytelnicy zobowi\u0105zani s\u0105 do zapisania si\u0119 do Biblioteki i wype\u0142nienia karty czytelnika. Studenci zapisywani s\u0105 na podstawie indeksu i legitymacji studenckiej.<br \/>g. Biblioteka zastrzega sobie prawo odmowy udost\u0119pnienia materia\u0142\u00f3w bez podania przyczyn.<br \/>h. Biblioteka prowadzi wypo\u017cyczenia mi\u0119dzybiblioteczne.<br \/>i. Wypo\u017cyczonych ksi\u0105\u017cek nie wolno przekazywa\u0107 innym osobom.<br \/>j. W wypadku zagubienia wypo\u017cyczonej ksi\u0105\u017cki czytelnik zobowi\u0105zany jest odkupi\u0107 identyczny egzemplarz lub zap\u0142aci\u0107 jego pi\u0119ciokrotn\u0105 warto\u015b\u0107. W wyj\u0105tkowej sytuacji Dyrektor Biblioteki mo\u017ce w porozumieniu z czytelnikiem ustali\u0107 inn\u0105 form\u0119 rekompensaty.<\/p><p class=\"p1\">4.\u00a0<b>Zamawianie i realizowanie zam\u00f3wie\u0144.<\/b><\/p><p class=\"p1\">a. Udost\u0119pnianie ksi\u0105\u017cek nast\u0119puje na podstawie zam\u00f3wie\u0144 sk\u0142adanych za po\u015brednictwem katalogu komputerowego w systemie Koha.<br \/>b. Ksi\u0105\u017cki wydane do 1945 r. i czasopisma zamawiane s\u0105 za pomoc\u0105 tradycyjnych rewers\u00f3w.<br \/>c. Zam\u00f3wienia realizowane s\u0105 co godzin\u0119.<br \/>d. Ka\u017cdorazowo przed z\u0142o\u017ceniem zam\u00f3wienia nale\u017cy zwr\u00f3ci\u0107 ksi\u0105\u017cki przetrzymane ponad terminy okre\u015blone w niniejszym regulaminie.<\/p><p class=\"p1\">5.\u00a0<b>Zwroty.<\/b><\/p><p class=\"p1\">a. Po zwr\u00f3ceniu ksi\u0105\u017cek czytelnicy s\u0105 zobowi\u0105zani do sprawdzenia swojego konta bibliotecznego i zg\u0142oszenia ewentualnych nie\u015bcis\u0142o\u015bci.<br \/>b. Najp\u00f3\u017aniej na tydzie\u0144 przed zako\u0144czeniem roku akademickiego studenci s\u0105 zobowi\u0105zani do zwr\u00f3cenia wszystkich wypo\u017cyczonych ksi\u0105\u017cek oraz sprawdzenia swojego konta bibliotecznego. Przedwakacyjne rozliczenie si\u0119 z Bibliotek\u0105 jest warunkiem zaliczenia roku akademickiego.<br \/>c. Wypo\u017cyczenie ksi\u0105\u017cek na okres wakacji mo\u017cliwe jest za zgod\u0105 Dyrektora Biblioteki.<\/p><p class=\"p1\">6.\u00a0<b>Czytelnia.<\/b><\/p><p class=\"p1\">a. Czytelnicy maj\u0105 wolny dost\u0119p do materia\u0142\u00f3w zgromadzonych w czytelni.<br \/>b. Zasadniczo nie wolno wynosi\u0107 zbior\u00f3w znajduj\u0105cych si\u0119 w ksi\u0119gozbiorze podr\u0119cznym czytelni. W wyj\u0105tkowych przypadkach pracownik Biblioteki mo\u017ce wyrazi\u0107 zgod\u0119 na wypo\u017cyczenie na okre\u015blony, bardzo kr\u00f3tki czas i po pozostawieniu na p\u00f3\u0142ce rewersu.<br \/>c. W czytelni mo\u017cna korzysta\u0107 z w\u0142asnych pomocy naukowych, po uprzednim zg\u0142oszeniu tego faktu.<br \/>d. Istnieje mo\u017cliwo\u015b\u0107 wykonania kopii tradycyjnych i cyfrowych ze zbior\u00f3w bibliotecznych wed\u0142ug ustalonych zasad i cennika.<br \/>e. Zabrania si\u0119 wnoszenia do czytelni jakichkolwiek artyku\u0142\u00f3w spo\u017cywczych.<br \/>f. Ostatnie 15 minut przed zamkni\u0119ciem Biblioteki przeznaczone jest na zwrot udost\u0119pnionych materia\u0142\u00f3w.<\/p><p class=\"p1\">7.\u00a0<b>Sugestie zakup\u00f3w.<\/b><\/p><p class=\"p1\">Propozycje zakupu nowych ksi\u0105\u017cek do Biblioteki mo\u017cna sk\u0142ada\u0107 za po\u015brednictwem katalogu komputerowego (zak\u0142adka \u201ePropozycje zakupu\u201d) ze wskazaniem autora, tytu\u0142u, wydawcy i roku wydania.<\/p><p class=\"p1\">8.\u00a0<b>Inkunabu\u0142y i starodruki.<\/b><\/p><p class=\"p1\">a. Inkunabu\u0142y i starodruki s\u0105 udost\u0119pniane Ksi\u0119\u017com Misjonarzom i Siostrom Szarytkom, samodzielnym pracownikom naukowym oraz osobom ze stopniem naukowym doktora. Pozostali czytelnicy zobowi\u0105zani s\u0105 przed\u0142o\u017cy\u0107 pismo polecaj\u0105ce od promotora, opiekuna naukowego b\u0105d\u017a kierownika jednostki, w kt\u00f3rej s\u0105 zatrudnieni.<br \/>b. Inkunabu\u0142y i starodruki udost\u0119pnianie s\u0105 wy\u0142\u0105cznie na miejscu, w czytelni.<br \/>c. Czytelnicy pragn\u0105cy skorzysta\u0107 z inkunabu\u0142\u00f3w i starodruk\u00f3w proszeni s\u0105 o wcze\u015bniejszy kontakt w pracownikiem Biblioteki.<br \/>d. Jednorazowo udost\u0119pnia si\u0119 nie wi\u0119cej ni\u017c trzy egzemplarze.<\/p><p class=\"p1\">9.\u00a0<b>Korzystanie z materia\u0142\u00f3w bibliotecznych oznacza akceptacj\u0119 niniejszego regulaminu.<\/b><\/p><p class=\"p1\">10.\u00a0<b>W przypadku niedostosowania si\u0119 do postanowie\u0144 regulaminu czytelnik mo\u017ce zosta\u0107 okresowo pozbawiony prawa wypo\u017cyczania ksi\u0105\u017cek.<\/b><\/p><p class=\"p1\">11.\u00a0<b>Biblioteka przetwarza dane osobowe os\u00f3b korzystaj\u0105cych z systemu biblioteczno-informacyjnego.<\/b><\/p><p class=\"p1\">12.\u00a0<b>Niniejszy regulamin obowi\u0105zuje od dnia 1 pa\u017adziernika 2014 r.<\/b><\/p>\t\t\t\t\t\t\t\t<\/div>\n\t\t\t\t<\/div>\n\t\t\t\t\t<\/div>\n\t\t<\/div>\n\t\t\t\t\t<\/div>\n\t\t<\/section>\n\t\t\t\t<section class=\"elementor-section elementor-top-section elementor-element elementor-element-269f8c4e elementor-section-boxed elementor-section-height-default elementor-section-height-default\" data-id=\"269f8c4e\" data-element_type=\"section\" data-e-type=\"section\" data-settings=\"{&quot;background_background&quot;:&quot;classic&quot;}\">\n\t\t\t\t\t\t\t<div class=\"elementor-background-overlay\"><\/div>\n\t\t\t\t\t\t\t<div class=\"elementor-container elementor-column-gap-default\">\n\t\t\t\t\t<div class=\"elementor-column elementor-col-100 elementor-top-column elementor-element elementor-element-28a1de33\" data-id=\"28a1de33\" data-element_type=\"column\" data-e-type=\"column\">\n\t\t\t<div class=\"elementor-widget-wrap elementor-element-populated\">\n\t\t\t\t\t\t<section class=\"elementor-section elementor-inner-section elementor-element elementor-element-4ce569d5 elementor-section-boxed elementor-section-height-default elementor-section-height-default\" data-id=\"4ce569d5\" data-element_type=\"section\" data-e-type=\"section\">\n\t\t\t\t\t\t<div class=\"elementor-container elementor-column-gap-default\">\n\t\t\t\t\t<div class=\"elementor-column elementor-col-100 elementor-inner-column elementor-element elementor-element-24954047\" data-id=\"24954047\" data-element_type=\"column\" data-e-type=\"column\">\n\t\t\t<div class=\"elementor-widget-wrap elementor-element-populated\">\n\t\t\t\t\t\t<div class=\"elementor-element elementor-element-71f89042 elementor-widget__width-initial elementor-widget-divider--view-line elementor-widget elementor-widget-divider\" data-id=\"71f89042\" data-element_type=\"widget\" data-e-type=\"widget\" data-widget_type=\"divider.default\">\n\t\t\t\t<div class=\"elementor-widget-container\">\n\t\t\t\t\t\t\t<div class=\"elementor-divider\">\n\t\t\t<span class=\"elementor-divider-separator\">\n\t\t\t\t\t\t<\/span>\n\t\t<\/div>\n\t\t\t\t\t\t<\/div>\n\t\t\t\t<\/div>\n\t\t\t\t<div class=\"elementor-element elementor-element-4929c5e9 elementor-widget__width-initial elementor-widget elementor-widget-heading\" data-id=\"4929c5e9\" data-element_type=\"widget\" data-e-type=\"widget\" data-widget_type=\"heading.default\">\n\t\t\t\t<div class=\"elementor-widget-container\">\n\t\t\t\t\t<h2 class=\"elementor-heading-title elementor-size-default\">Biblioteka<\/h2>\t\t\t\t<\/div>\n\t\t\t\t<\/div>\n\t\t\t\t<div class=\"elementor-element elementor-element-6959969e elementor-widget elementor-widget-heading\" data-id=\"6959969e\" data-element_type=\"widget\" data-e-type=\"widget\" data-widget_type=\"heading.default\">\n\t\t\t\t<div class=\"elementor-widget-container\">\n\t\t\t\t\t<h2 class=\"elementor-heading-title elementor-size-default\">Zgromadzenia Ksi\u0119\u017cy Misjonarzy<\/h2>\t\t\t\t<\/div>\n\t\t\t\t<\/div>\n\t\t\t\t\t<\/div>\n\t\t<\/div>\n\t\t\t\t\t<\/div>\n\t\t<\/section>\n\t\t\t\t<div class=\"elementor-element elementor-element-7142519d elementor-widget elementor-widget-text-editor\" data-id=\"7142519d\" data-element_type=\"widget\" data-e-type=\"widget\" data-widget_type=\"text-editor.default\">\n\t\t\t\t<div class=\"elementor-widget-container\">\n\t\t\t\t\t\t\t\t\t<p class=\"p1\">Biblioteka Zgromadzenia Ksi\u0119\u017cy Misjonarzy w Krakowie zgodnie z Ustaw\u0105 o Ochronie Danych Osobowych i \u201eRozporz\u0105dzeniem Parlamentu Europejskiego i Rady Unii Europejskiej 2016\/679 z dnia 27 kwietnia 2016 r. w sprawie ochrony os\u00f3b fizycznych w zwi\u0105zku z przetwarzaniem danych osobowych i w sprawie swobodnego przep\u0142ywu takich danych oraz uchylenia dyrektywy 95\/46\/WE (dalej nazwa RODO)\u201d pobiera i przetwarza dane osobowe dla potrzeb niezb\u0119dnych do realizacji procesu dzia\u0142ania systemu bibliotecznego i wypo\u017cyczania ksi\u0105\u017cek. Podanie danych jest dobrowolne, lecz absolutnie niezb\u0119dne do przetworzenia przez system biblioteczny. Osobom korzystaj\u0105cym z zasobu Biblioteki przys\u0142uguje prawo dost\u0119pu do swoich danych, mo\u017cliwo\u015bci ich poprawiania czy \u017c\u0105dania zaprzestania ich przetwarzania.<\/p><p class=\"p1\">Administratorem danych osobowych jest Biblioteka Zgromadzenia Ksi\u0119\u017cy Misjonarzy, ul. Stradomska 4, 31-058 Krak\u00f3w.<\/p>\t\t\t\t\t\t\t\t<\/div>\n\t\t\t\t<\/div>\n\t\t\t\t\t<\/div>\n\t\t<\/div>\n\t\t\t\t\t<\/div>\n\t\t<\/section>\n\t\t\t\t<\/div>\n\t\t","protected":false},"excerpt":{"rendered":"<p>Biblioteka Regulamin 1.\u00a0Biblioteka Zgromadzenia Ksi\u0119\u017cy Misjonarzy w Krakowie\u00a0gromadzi zbiory przede wszystkim z zakresu teologii, filozofii, historii Ko\u015bcio\u0142a, prawa kanonicznego. Biblioteka s\u0142u\u017cy g\u0142\u00f3wnie profesorom i studentom Instytutu Teologicznego Ksi\u0119\u017cy Misjonarzy oraz Rodzinie Wincenty\u0144skiej, ale jest dost\u0119pna r\u00f3wnie\u017c dla innych czytelnik\u00f3w. 2.\u00a0Zbiory biblioteczne udost\u0119pniane s\u0105 na miejscu wszystkim zainteresowanym. Dodatkowo prawo do wypo\u017cycze\u0144 maj\u0105:\u00a0 Cz\u0142onkowie Rodziny Wincenty\u0144skiej, Profesorowie i studenci ITKM, Wyk\u0142adowcy [&hellip;]<\/p>\n","protected":false},"author":1,"featured_media":0,"parent":0,"menu_order":0,"comment_status":"closed","ping_status":"closed","template":"","meta":{"footnotes":""},"class_list":["post-224","page","type-page","status-publish","hentry"],"_links":{"self":[{"href":"https:\/\/biblioteka.misjonarze.pl\/index.php?rest_route=\/wp\/v2\/pages\/224","targetHints":{"allow":["GET"]}}],"collection":[{"href":"https:\/\/biblioteka.misjonarze.pl\/index.php?rest_route=\/wp\/v2\/pages"}],"about":[{"href":"https:\/\/biblioteka.misjonarze.pl\/index.php?rest_route=\/wp\/v2\/types\/page"}],"author":[{"embeddable":true,"href":"https:\/\/biblioteka.misjonarze.pl\/index.php?rest_route=\/wp\/v2\/users\/1"}],"replies":[{"embeddable":true,"href":"https:\/\/biblioteka.misjonarze.pl\/index.php?rest_route=%2Fwp%2Fv2%2Fcomments&post=224"}],"version-history":[{"count":7,"href":"https:\/\/biblioteka.misjonarze.pl\/index.php?rest_route=\/wp\/v2\/pages\/224\/revisions"}],"predecessor-version":[{"id":389,"href":"https:\/\/biblioteka.misjonarze.pl\/index.php?rest_route=\/wp\/v2\/pages\/224\/revisions\/389"}],"wp:attachment":[{"href":"https:\/\/biblioteka.misjonarze.pl\/index.php?rest_route=%2Fwp%2Fv2%2Fmedia&parent=224"}],"curies":[{"name":"wp","href":"https:\/\/api.w.org\/{rel}","templated":true}]}}